{"id":9531,"date":"2019-05-14T16:46:05","date_gmt":"2019-05-14T16:46:05","guid":{"rendered":"https:\/\/www.narkozsuzsunnet.com\/?page_id=9531"},"modified":"2019-05-14T16:46:05","modified_gmt":"2019-05-14T16:46:05","slug":"eriskin-sunneti","status":"publish","type":"page","link":"https:\/\/www.narkozsuzsunnet.com\/index.php\/eriskin-sunneti\/","title":{"rendered":"Eri\u015fkin s\u00fcnneti"},"content":{"rendered":"<p><script async custom-element=\"amp-analytics\" src=\"https:\/\/cdn.ampproject.org\/v0\/amp-analytics-0.1.js\"><\/script><\/p>\n<p style=\"text-align: center;\"><span style=\"color: #ff0000;\"><strong><span style=\"color: #ff0000;\">S\u00dcNNET F\u0130YAT L\u0130STES\u0130<\/span><\/strong><\/span><\/p>\n<p style=\"text-align: center;\">SAYFA SONUNDADIR<\/p>\n<p style=\"text-align: center;\"><img decoding=\"async\" class=\"size-full wp-image-9533 alignnone\" src=\"https:\/\/www.narkozsuzsunnet.com\/wp-content\/uploads\/sunnetsuresi.jpg\" alt=\"\" width=\"260\" height=\"170\" \/>\u00a0. <img decoding=\"async\" class=\"size-full wp-image-9179 alignnone\" src=\"https:\/\/www.narkozsuzsunnet.com\/wp-content\/uploads\/erken.jpg\" alt=\"\" width=\"260\" height=\"170\" \/> . <img decoding=\"async\" class=\"size-full wp-image-9536 alignnone\" src=\"https:\/\/www.narkozsuzsunnet.com\/wp-content\/uploads\/eriskinseyahat.jpg\" alt=\"\" width=\"260\" height=\"170\" \/> .<img loading=\"lazy\" decoding=\"async\" class=\"size-full wp-image-9551 alignnone\" src=\"https:\/\/www.narkozsuzsunnet.com\/wp-content\/uploads\/kans.jpg\" alt=\"\" width=\"260\" height=\"170\" \/> .\u00a0<img loading=\"lazy\" decoding=\"async\" class=\"size-full wp-image-9557 alignnone\" src=\"https:\/\/www.narkozsuzsunnet.com\/wp-content\/uploads\/allerjik.jpg\" alt=\"\" width=\"260\" height=\"170\" \/> .\u00a0<img loading=\"lazy\" decoding=\"async\" class=\"size-full wp-image-9554 alignnone\" src=\"https:\/\/www.narkozsuzsunnet.com\/wp-content\/uploads\/kans%C4%B1z.jpg\" alt=\"\" width=\"260\" height=\"170\" \/> . <img loading=\"lazy\" decoding=\"async\" class=\"alignnone size-full wp-image-8950\" src=\"https:\/\/www.narkozsuzsunnet.com\/wp-content\/uploads\/antibiotik-yok-1.jpg\" alt=\"\" width=\"260\" height=\"170\" \/> . <img loading=\"lazy\" decoding=\"async\" class=\"alignnone size-full wp-image-8967\" src=\"https:\/\/www.narkozsuzsunnet.com\/wp-content\/uploads\/koter.jpg\" alt=\"\" width=\"260\" height=\"170\" \/> . .\u00a0<img loading=\"lazy\" decoding=\"async\" class=\"size-full wp-image-9561 alignnone\" src=\"https:\/\/www.narkozsuzsunnet.com\/wp-content\/uploads\/sarg%C4%B1s.jpg\" alt=\"\" width=\"260\" height=\"170\" \/> . <img loading=\"lazy\" decoding=\"async\" class=\"size-full wp-image-9559 alignnone\" src=\"https:\/\/www.narkozsuzsunnet.com\/wp-content\/uploads\/dus.jpg\" alt=\"\" width=\"260\" height=\"170\" \/>.<\/p>\n<p><img loading=\"lazy\" decoding=\"async\" class=\"aligncenter size-full wp-image-9563\" src=\"https:\/\/www.narkozsuzsunnet.com\/wp-content\/uploads\/Eriskinfiat-min.jpg\" alt=\"\" width=\"524\" height=\"494\" \/><br \/>\n<!-- Global site tag (gtag.js) - Google Ads: 1041155131 --><br \/>\n<script async src=\"https:\/\/www.googletagmanager.com\/gtag\/js?id=AW-1041155131\"><\/script><br \/>\n<script>\n  window.dataLayer = window.dataLayer || [];\n  function gtag(){dataLayer.push(arguments);}\n  gtag('js', new Date());<\/p>\n<p>  gtag('config', 'AW-1041155131');\n<\/script><\/p>\n<p>[chat style=4 position=&#8221;fixed&#8221; top=&#8221;80px&#8221; left=&#8221;100px&#8221; val=&#8221;Eri\u015fkin s\u00fcnneti i\u00e7in g\u00f6r\u00fc\u015f&#8221; text=&#8221;Merhaba Eri\u015fkin s\u00fcnneti i\u00e7in bilgi almak istiyorum&#8221;]<\/p>\n","protected":false},"excerpt":{"rendered":"<p>S\u00dcNNET F\u0130YAT L\u0130STES\u0130 SAYFA SONUNDADIR \u00a0. . . .\u00a0 .\u00a0 . . . .\u00a0 . . [chat style=4 position=&#8221;fixed&#8221; top=&#8221;80px&#8221; left=&#8221;100px&#8221; val=&#8221;Eri\u015fkin s\u00fcnneti i\u00e7in g\u00f6r\u00fc\u015f&#8221; text=&#8221;Merhaba Eri\u015fkin s\u00fcnneti i\u00e7in bilgi almak istiyorum&#8221;]<\/p>\n","protected":false},"author":1,"featured_media":0,"parent":0,"menu_order":0,"comment_status":"closed","ping_status":"closed","template":"","meta":{"footnotes":""},"class_list":["post-9531","page","type-page","status-publish","hentry"],"blocksy_meta":[],"_links":{"self":[{"href":"https:\/\/www.narkozsuzsunnet.com\/index.php\/wp-json\/wp\/v2\/pages\/9531","targetHints":{"allow":["GET"]}}],"collection":[{"href":"https:\/\/www.narkozsuzsunnet.com\/index.php\/wp-json\/wp\/v2\/pages"}],"about":[{"href":"https:\/\/www.narkozsuzsunnet.com\/index.php\/wp-json\/wp\/v2\/types\/page"}],"author":[{"embeddable":true,"href":"https:\/\/www.narkozsuzsunnet.com\/index.php\/wp-json\/wp\/v2\/users\/1"}],"replies":[{"embeddable":true,"href":"https:\/\/www.narkozsuzsunnet.com\/index.php\/wp-json\/wp\/v2\/comments?post=9531"}],"version-history":[{"count":0,"href":"https:\/\/www.narkozsuzsunnet.com\/index.php\/wp-json\/wp\/v2\/pages\/9531\/revisions"}],"wp:attachment":[{"href":"https:\/\/www.narkozsuzsunnet.com\/index.php\/wp-json\/wp\/v2\/media?parent=9531"}],"curies":[{"name":"wp","href":"https:\/\/api.w.org\/{rel}","templated":true}]}}